{"id":18,"date":"2024-03-15T11:38:00","date_gmt":"2024-03-15T10:38:00","guid":{"rendered":"https:\/\/evinimpex.ch\/?page_id=18"},"modified":"2024-03-17T19:10:08","modified_gmt":"2024-03-17T18:10:08","slug":"startseite","status":"publish","type":"page","link":"https:\/\/evinimpex.ch\/","title":{"rendered":"Startseite"},"content":{"rendered":"\t\t<div data-elementor-type=\"wp-page\" data-elementor-id=\"18\" class=\"elementor elementor-18\">\n\t\t\t\t\t\t<section class=\"elementor-section elementor-top-section elementor-element elementor-element-1b4e44ab elementor-section-full_width elementor-section-height-default elementor-section-height-default\" data-id=\"1b4e44ab\" data-element_type=\"section\">\n\t\t\t\t\t\t<div class=\"elementor-container elementor-column-gap-default\">\n\t\t\t\t\t<div class=\"elementor-column elementor-col-100 elementor-top-column elementor-element elementor-element-6f8e8c93\" data-id=\"6f8e8c93\" data-element_type=\"column\">\n\t\t\t<div class=\"elementor-widget-wrap elementor-element-populated\">\n\t\t\t\t\t\t<div class=\"elementor-element elementor-element-232db92f elementor-widget elementor-widget-widgetkit-for-elementor-slider-1\" data-id=\"232db92f\" data-element_type=\"widget\" data-widget_type=\"widgetkit-for-elementor-slider-1.default\">\n\t\t\t\t<div class=\"elementor-widget-container\">\n\t\t\t\t\t<div id=\"tgx-hero-unit\" class=\"tgx-slider-1\">\r\n    <div id=\"232db92f\" class=\"carousel slide\" data-ride=\"carousel\" data-interval=\"\r\n             4000\" data-pause=\"false\">\r\n                <!-- Wrapper for slides -->\r\n        <div class=\"carousel-inner \">\r\n                                                        <div class=\"item active slider-0\" style=\"background-image: url('https:\/\/evinimpex.ch\/wp-content\/uploads\/2024\/03\/pexels-lan-yao-6751982-scaled.jpg');\">\r\n\r\n                    <div class=\"carousel-caption \">\r\n                        <h2 class=\"slider-title animated animate-delay-1 fadeInDown\">Import von vom Produkten aus Lateinamerika der Karibik<\/h2>\r\n                                                    <p class=\"slider-description animated animate-delay-2\r\n                                    fadeInDown \">\r\n                                EVINIMPEX.CH                            <\/p>\r\n                                                    \r\n                                                    <span class=\"slider-action\">\r\n                                <a class=\"btn btn-slider animated animate-delay-3 fadeInDown\" href=\"https:\/\/evinimpex.ch\/?page_id=50\"> Kontaktiere uns                                <\/a>\r\n                            <\/span>\r\n                        \r\n                    <\/div>\r\n                <\/div><!-- \/.item -->\r\n\r\n                                            <div class=\"item  slider-1\" style=\"background-image: url('https:\/\/evinimpex.ch\/wp-content\/uploads\/2024\/03\/pexels-livier-garcia-1459339-scaled.jpg');\">\r\n\r\n                    <div class=\"carousel-caption \">\r\n                        <h2 class=\"slider-title animated animate-delay-1 fadeInDown slider-title animated animate-delay-1 fadeInDown\">H\u00f6chste Qualit\u00e4t steht bei uns an erster Stelle. Entdecken Sie exzellente Produkte!<\/h2>\r\n                                                    <p class=\"slider-description animated animate-delay-2\r\n                                    fadeInDown \">\r\n                                EVINIMPEX.CH                            <\/p>\r\n                                                    \r\n                                                    <span class=\"slider-action\">\r\n                                <a class=\"btn btn-slider animated animate-delay-3 fadeInDown\" href=\"https:\/\/evinimpex.ch\/?page_id=50\"> Kontaktiere uns                                <\/a>\r\n                            <\/span>\r\n                        \r\n                    <\/div>\r\n                <\/div><!-- \/.item -->\r\n\r\n                                            <div class=\"item  slider-2\" style=\"background-image: url('https:\/\/evinimpex.ch\/wp-content\/uploads\/2024\/03\/purses-1558479_1920.jpg');\">\r\n\r\n                    <div class=\"carousel-caption \">\r\n                        <h2 class=\"slider-title animated animate-delay-1 fadeInDown slider-title animated animate-delay-1 fadeInDown slider-title animated animate-delay-1 fadeInDown\">Entdecken Sie, warum unsere Kunden immer zufrieden sind.<\/h2>\r\n                                                    <p class=\"slider-description animated animate-delay-2\r\n                                    fadeInDown \">\r\n                                EVINIMPEX.CH                            <\/p>\r\n                                                    \r\n                                                    <span class=\"slider-action\">\r\n                                <a class=\"btn btn-slider animated animate-delay-3 fadeInDown\" href=\"https:\/\/evinimpex.ch\/?page_id=50\"> Kontaktiere uns                                <\/a>\r\n                            <\/span>\r\n                        \r\n                    <\/div>\r\n                <\/div><!-- \/.item -->\r\n\r\n            \r\n        <\/div> <!-- \/.inner -->\r\n            <\/div><!-- \/.id -->\r\n<\/div> <!-- \/#hero-unit -->\r\n\r\n<script type=\"text\/javascript\">\r\n    jQuery(function($) {\r\n        if (!$('body').hasClass('wk-slider-1')) {\r\n            $('body').addClass('wk-slider-1');\r\n        }\r\n    });\r\n<\/script>\t\t\t\t<\/div>\n\t\t\t\t<\/div>\n\t\t\t\t\t<\/div>\n\t\t<\/div>\n\t\t\t\t\t<\/div>\n\t\t<\/section>\n\t\t\t\t<section class=\"elementor-section elementor-top-section elementor-element elementor-element-9fb214c elementor-section-full_width elementor-section-height-default elementor-section-height-default\" data-id=\"9fb214c\" data-element_type=\"section\">\n\t\t\t\t\t\t<div class=\"elementor-container elementor-column-gap-default\">\n\t\t\t\t\t<div class=\"elementor-column elementor-col-100 elementor-top-column elementor-element elementor-element-d3a8075\" data-id=\"d3a8075\" data-element_type=\"column\">\n\t\t\t<div class=\"elementor-widget-wrap elementor-element-populated\">\n\t\t\t\t\t\t<div class=\"elementor-element elementor-element-7478d3b elementor-widget__width-initial elementor-absolute elementor-hidden-tablet elementor-hidden-phone elementor-widget elementor-widget-image\" data-id=\"7478d3b\" data-element_type=\"widget\" data-settings=\"{&quot;_animation&quot;:&quot;none&quot;,&quot;_position&quot;:&quot;absolute&quot;}\" data-widget_type=\"image.default\">\n\t\t\t\t<div class=\"elementor-widget-container\">\n\t\t\t\t\t\t\t\t\t\t\t\t\t\t\t<img fetchpriority=\"high\" decoding=\"async\" width=\"800\" height=\"861\" src=\"https:\/\/evinimpex.ch\/wp-content\/uploads\/2024\/03\/coffe-951x1024.png\" class=\"attachment-large size-large wp-image-70\" alt=\"\" srcset=\"https:\/\/evinimpex.ch\/wp-content\/uploads\/2024\/03\/coffe-951x1024.png 951w, https:\/\/evinimpex.ch\/wp-content\/uploads\/2024\/03\/coffe-279x300.png 279w, https:\/\/evinimpex.ch\/wp-content\/uploads\/2024\/03\/coffe-768x827.png 768w, https:\/\/evinimpex.ch\/wp-content\/uploads\/2024\/03\/coffe.png 1130w\" sizes=\"(max-width: 800px) 100vw, 800px\" \/>\t\t\t\t\t\t\t\t\t\t\t\t\t\t\t<\/div>\n\t\t\t\t<\/div>\n\t\t\t\t<section class=\"elementor-section elementor-inner-section elementor-element elementor-element-1ec85f30 elementor-section-boxed elementor-section-height-default elementor-section-height-default\" data-id=\"1ec85f30\" data-element_type=\"section\">\n\t\t\t\t\t\t<div class=\"elementor-container elementor-column-gap-default\">\n\t\t\t\t\t<div class=\"elementor-column elementor-col-100 elementor-inner-column elementor-element elementor-element-74d00ff5\" data-id=\"74d00ff5\" data-element_type=\"column\">\n\t\t\t<div class=\"elementor-widget-wrap elementor-element-populated\">\n\t\t\t\t\t\t<div class=\"elementor-element elementor-element-38e37082 elementor-widget elementor-widget-elementskit-heading\" data-id=\"38e37082\" data-element_type=\"widget\" data-widget_type=\"elementskit-heading.default\">\n\t\t\t\t<div class=\"elementor-widget-container\">\n\t\t\t\t\t<div class=\"ekit-wid-con\" ><div class=\"ekit-heading elementskit-section-title-wraper text_center   ekit_heading_tablet-   ekit_heading_mobile-\"><h3 class=\"ekit-heading--title elementskit-section-title \">Was wir tun?<\/h3><div class=\"ekit_heading_separetor_wraper ekit_heading_elementskit-border-divider elementskit-style-long\"><div class=\"elementskit-border-divider elementskit-style-long\"><\/div><\/div><\/div><\/div>\t\t\t\t<\/div>\n\t\t\t\t<\/div>\n\t\t\t\t<div class=\"elementor-element elementor-element-3fe16bbc elementor-widget elementor-widget-heading\" data-id=\"3fe16bbc\" data-element_type=\"widget\" data-widget_type=\"heading.default\">\n\t\t\t\t<div class=\"elementor-widget-container\">\n\t\t\t\t\t<h2 class=\"elementor-heading-title elementor-size-default\">Import von vom Produkten aus <br>\nLateinamerika der Karibik<\/h2>\t\t\t\t<\/div>\n\t\t\t\t<\/div>\n\t\t\t\t<div class=\"elementor-element elementor-element-23ef4f9d elementor-widget elementor-widget-text-editor\" data-id=\"23ef4f9d\" data-element_type=\"widget\" data-widget_type=\"text-editor.default\">\n\t\t\t\t<div class=\"elementor-widget-container\">\n\t\t\t\t\t\t\t\t\t<div class=\"flex-1 overflow-hidden\"><div class=\"react-scroll-to-bottom--css-ussop-79elbk h-full\"><div class=\"react-scroll-to-bottom--css-ussop-1n7m0yu\"><div class=\"flex flex-col text-sm pb-9\"><div class=\"w-full text-token-text-primary\" data-testid=\"conversation-turn-3\"><div class=\"px-4 py-2 justify-center text-base md:gap-6 m-auto\"><div class=\"flex flex-1 text-base mx-auto gap-3 md:px-5 lg:px-1 xl:px-5 md:max-w-3xl lg:max-w-[40rem] xl:max-w-[48rem] group final-completion\"><div class=\"relative flex w-full flex-col agent-turn\"><div class=\"flex-col gap-1 md:gap-3\"><div class=\"flex flex-grow flex-col max-w-full\"><div class=\"min-h-[20px] text-message flex flex-col items-start gap-3 whitespace-pre-wrap break-words [.text-message+&amp;]:mt-5 overflow-x-auto\" data-message-author-role=\"assistant\" data-message-id=\"88f9e039-9f4d-4a74-93fa-6118fba5c34f\"><div class=\"markdown prose w-full break-words dark:prose-invert dark\"><p>Willkommen bei EVINIMPEX, Ihrem Experten f\u00fcr den Import hochwertiger lateinamerikanischer und karibischer Produkte. Wir bieten eine vielf\u00e4ltige Auswahl an Produkten wie Kaffee, Bier, Snacks, Lebensmitteln und vielem mehr. Bei uns wird nur h\u00f6chste Qualit\u00e4t importiert, um Ihren Bed\u00fcrfnissen gerecht zu werden. Entdecken Sie exotische Aromen und authentische Geschmackserlebnisse auf EVINIMPEX.<\/p><\/div><\/div><\/div><\/div><\/div><\/div><\/div><\/div><\/div><\/div><\/div><\/div>\t\t\t\t\t\t\t\t<\/div>\n\t\t\t\t<\/div>\n\t\t\t\t<div class=\"elementor-element elementor-element-4396519a elementor-align-center elementor-widget elementor-widget-button\" data-id=\"4396519a\" data-element_type=\"widget\" data-widget_type=\"button.default\">\n\t\t\t\t<div class=\"elementor-widget-container\">\n\t\t\t\t\t\t\t\t\t<div class=\"elementor-button-wrapper\">\n\t\t\t\t\t<a class=\"elementor-button elementor-button-link elementor-size-sm\" href=\"https:\/\/evinimpex.ch\/?page_id=138\" target=\"_blank\">\n\t\t\t\t\t\t<span class=\"elementor-button-content-wrapper\">\n\t\t\t\t\t\t\t\t\t<span class=\"elementor-button-text\">\u00dcber uns<\/span>\n\t\t\t\t\t<\/span>\n\t\t\t\t\t<\/a>\n\t\t\t\t<\/div>\n\t\t\t\t\t\t\t\t<\/div>\n\t\t\t\t<\/div>\n\t\t\t\t\t<\/div>\n\t\t<\/div>\n\t\t\t\t\t<\/div>\n\t\t<\/section>\n\t\t\t\t\t<\/div>\n\t\t<\/div>\n\t\t\t\t\t<\/div>\n\t\t<\/section>\n\t\t\t\t<section class=\"elementor-section elementor-top-section elementor-element elementor-element-3da93c27 elementor-section-boxed elementor-section-height-default elementor-section-height-default\" data-id=\"3da93c27\" data-element_type=\"section\" data-settings=\"{&quot;background_background&quot;:&quot;classic&quot;}\">\n\t\t\t\t\t\t<div class=\"elementor-container elementor-column-gap-default\">\n\t\t\t\t\t<div class=\"elementor-column elementor-col-50 elementor-top-column elementor-element elementor-element-673c42b\" data-id=\"673c42b\" data-element_type=\"column\">\n\t\t\t<div class=\"elementor-widget-wrap elementor-element-populated\">\n\t\t\t\t\t\t<div class=\"elementor-element elementor-element-6a7aa64a elementor-widget elementor-widget-elementskit-heading\" data-id=\"6a7aa64a\" data-element_type=\"widget\" data-widget_type=\"elementskit-heading.default\">\n\t\t\t\t<div class=\"elementor-widget-container\">\n\t\t\t\t\t<div class=\"ekit-wid-con\" ><div class=\"ekit-heading elementskit-section-title-wraper text_left   ekit_heading_tablet-   ekit_heading_mobile-\"><h3 class=\"ekit-heading--title elementskit-section-title \">Was wir anbieten\u200b<\/h3><div class=\"ekit_heading_separetor_wraper ekit_heading_elementskit-border-divider elementskit-style-long\"><div class=\"elementskit-border-divider elementskit-style-long\"><\/div><\/div><\/div><\/div>\t\t\t\t<\/div>\n\t\t\t\t<\/div>\n\t\t\t\t<div class=\"elementor-element elementor-element-6c577abf elementor-widget elementor-widget-text-editor\" data-id=\"6c577abf\" data-element_type=\"widget\" data-widget_type=\"text-editor.default\">\n\t\t\t\t<div class=\"elementor-widget-container\">\n\t\t\t\t\t\t\t\t\t<div class=\"flex-1 overflow-hidden\"><div class=\"react-scroll-to-bottom--css-tkxhs-79elbk h-full\"><div class=\"react-scroll-to-bottom--css-tkxhs-1n7m0yu\"><div class=\"flex flex-col text-sm pb-9\"><div class=\"w-full text-token-text-primary\" data-testid=\"conversation-turn-9\"><div class=\"px-4 py-2 justify-center text-base md:gap-6 m-auto\"><div class=\"flex flex-1 text-base mx-auto gap-3 md:px-5 lg:px-1 xl:px-5 md:max-w-3xl lg:max-w-[40rem] xl:max-w-[48rem] group final-completion\"><div class=\"relative flex w-full flex-col agent-turn\"><div class=\"flex-col gap-1 md:gap-3\"><div class=\"flex flex-grow flex-col max-w-full\"><div class=\"min-h-[20px] text-message flex flex-col items-start gap-3 whitespace-pre-wrap break-words [.text-message+&amp;]:mt-5 overflow-x-auto\" data-message-author-role=\"assistant\" data-message-id=\"44eb15b3-cf4a-4fdc-947a-0d1bdc86dec2\"><div class=\"markdown prose w-full break-words dark:prose-invert dark\"><p>Bei EVINIMPEX bieten wir eine breite Palette hochwertiger lateinamerikanischer und karibischer Produkte an, darunter Kaffee, Bier, Snacks, Lebensmittel und mehr. Unser Fokus liegt stets auf h\u00f6chster Qualit\u00e4t und Kundenzufriedenheit. Entdecken Sie bei uns exotische Aromen und authentische Geschmackserlebnisse.<\/p><\/div><\/div><\/div><\/div><\/div><\/div><\/div><\/div><\/div><\/div><\/div><\/div>\t\t\t\t\t\t\t\t<\/div>\n\t\t\t\t<\/div>\n\t\t\t\t<div class=\"elementor-element elementor-element-66a5e32a elementor-align-left elementor-widget elementor-widget-button\" data-id=\"66a5e32a\" data-element_type=\"widget\" data-widget_type=\"button.default\">\n\t\t\t\t<div class=\"elementor-widget-container\">\n\t\t\t\t\t\t\t\t\t<div class=\"elementor-button-wrapper\">\n\t\t\t\t\t<a class=\"elementor-button elementor-button-link elementor-size-sm\" href=\"https:\/\/evinimpex.ch\/?page_id=196\" target=\"_blank\">\n\t\t\t\t\t\t<span class=\"elementor-button-content-wrapper\">\n\t\t\t\t\t\t\t\t\t<span class=\"elementor-button-text\">MEHR<\/span>\n\t\t\t\t\t<\/span>\n\t\t\t\t\t<\/a>\n\t\t\t\t<\/div>\n\t\t\t\t\t\t\t\t<\/div>\n\t\t\t\t<\/div>\n\t\t\t\t\t<\/div>\n\t\t<\/div>\n\t\t\t\t<div class=\"elementor-column elementor-col-50 elementor-top-column elementor-element elementor-element-3bfd2caa\" data-id=\"3bfd2caa\" data-element_type=\"column\">\n\t\t\t<div class=\"elementor-widget-wrap elementor-element-populated\">\n\t\t\t\t\t\t<div class=\"elementor-element elementor-element-efdf28f elementor-widget elementor-widget-image\" data-id=\"efdf28f\" data-element_type=\"widget\" data-widget_type=\"image.default\">\n\t\t\t\t<div class=\"elementor-widget-container\">\n\t\t\t\t\t\t\t\t\t\t\t\t\t\t\t<img decoding=\"async\" width=\"2560\" height=\"1707\" src=\"https:\/\/evinimpex.ch\/wp-content\/uploads\/2024\/03\/pexels-arturo-a-17052668-scaled.jpg\" class=\"attachment-full size-full wp-image-233\" alt=\"\" srcset=\"https:\/\/evinimpex.ch\/wp-content\/uploads\/2024\/03\/pexels-arturo-a-17052668-scaled.jpg 2560w, https:\/\/evinimpex.ch\/wp-content\/uploads\/2024\/03\/pexels-arturo-a-17052668-300x200.jpg 300w, https:\/\/evinimpex.ch\/wp-content\/uploads\/2024\/03\/pexels-arturo-a-17052668-1024x683.jpg 1024w, https:\/\/evinimpex.ch\/wp-content\/uploads\/2024\/03\/pexels-arturo-a-17052668-768x512.jpg 768w, https:\/\/evinimpex.ch\/wp-content\/uploads\/2024\/03\/pexels-arturo-a-17052668-1536x1024.jpg 1536w, https:\/\/evinimpex.ch\/wp-content\/uploads\/2024\/03\/pexels-arturo-a-17052668-2048x1365.jpg 2048w\" sizes=\"(max-width: 2560px) 100vw, 2560px\" \/>\t\t\t\t\t\t\t\t\t\t\t\t\t\t\t<\/div>\n\t\t\t\t<\/div>\n\t\t\t\t\t<\/div>\n\t\t<\/div>\n\t\t\t\t\t<\/div>\n\t\t<\/section>\n\t\t\t\t<section class=\"elementor-section elementor-top-section elementor-element elementor-element-9019bec elementor-section-full_width elementor-section-height-default elementor-section-height-default\" data-id=\"9019bec\" data-element_type=\"section\">\n\t\t\t\t\t\t<div class=\"elementor-container elementor-column-gap-default\">\n\t\t\t\t\t<div class=\"elementor-column elementor-col-100 elementor-top-column elementor-element elementor-element-ba24c17\" data-id=\"ba24c17\" data-element_type=\"column\">\n\t\t\t<div class=\"elementor-widget-wrap elementor-element-populated\">\n\t\t\t\t\t\t<div class=\"elementor-element elementor-element-a1edb91 elementor-widget elementor-widget-google_maps\" data-id=\"a1edb91\" data-element_type=\"widget\" data-widget_type=\"google_maps.default\">\n\t\t\t\t<div class=\"elementor-widget-container\">\n\t\t\t\t\t\t\t<div class=\"elementor-custom-embed\">\n\t\t\t<iframe loading=\"lazy\"\n\t\t\t\t\tsrc=\"https:\/\/maps.google.com\/maps?q=Bahnhofstrasse%2015%20%094133%20Pratteln&#038;t=m&#038;z=15&#038;output=embed&#038;iwloc=near\"\n\t\t\t\t\ttitle=\"Bahnhofstrasse 15 \t4133 Pratteln\"\n\t\t\t\t\taria-label=\"Bahnhofstrasse 15 \t4133 Pratteln\"\n\t\t\t><\/iframe>\n\t\t<\/div>\n\t\t\t\t\t\t<\/div>\n\t\t\t\t<\/div>\n\t\t\t\t\t<\/div>\n\t\t<\/div>\n\t\t\t\t\t<\/div>\n\t\t<\/section>\n\t\t\t\t<\/div>\n\t\t","protected":false},"excerpt":{"rendered":"<p>Import von vom Produkten aus Lateinamerika der Karibik EVINIMPEX.CH Kontaktiere uns H\u00f6chste Qualit\u00e4t steht bei uns an erster Stelle. Entdecken Sie exzellente Produkte! EVINIMPEX.CH Kontaktiere uns Entdecken Sie, warum unsere Kunden immer zufrieden sind. EVINIMPEX.CH Kontaktiere uns Was wir tun? Import von vom Produkten aus Lateinamerika der Karibik Willkommen bei EVINIMPEX, Ihrem Experten f\u00fcr den [&hellip;]<\/p>\n","protected":false},"author":2,"featured_media":0,"parent":0,"menu_order":0,"comment_status":"closed","ping_status":"closed","template":"elementor_header_footer","meta":{"om_disable_all_campaigns":false,"_monsterinsights_skip_tracking":false,"_monsterinsights_sitenote_active":false,"_monsterinsights_sitenote_note":"","_monsterinsights_sitenote_category":0,"footnotes":""},"aioseo_notices":[],"_links":{"self":[{"href":"https:\/\/evinimpex.ch\/index.php?rest_route=\/wp\/v2\/pages\/18"}],"collection":[{"href":"https:\/\/evinimpex.ch\/index.php?rest_route=\/wp\/v2\/pages"}],"about":[{"href":"https:\/\/evinimpex.ch\/index.php?rest_route=\/wp\/v2\/types\/page"}],"author":[{"embeddable":true,"href":"https:\/\/evinimpex.ch\/index.php?rest_route=\/wp\/v2\/users\/2"}],"replies":[{"embeddable":true,"href":"https:\/\/evinimpex.ch\/index.php?rest_route=%2Fwp%2Fv2%2Fcomments&post=18"}],"version-history":[{"count":82,"href":"https:\/\/evinimpex.ch\/index.php?rest_route=\/wp\/v2\/pages\/18\/revisions"}],"predecessor-version":[{"id":299,"href":"https:\/\/evinimpex.ch\/index.php?rest_route=\/wp\/v2\/pages\/18\/revisions\/299"}],"wp:attachment":[{"href":"https:\/\/evinimpex.ch\/index.php?rest_route=%2Fwp%2Fv2%2Fmedia&parent=18"}],"curies":[{"name":"wp","href":"https:\/\/api.w.org\/{rel}","templated":true}]}}